{"id":2455,"date":"2023-03-22T14:55:27","date_gmt":"2023-03-22T17:55:27","guid":{"rendered":"https:\/\/javierzeballos.uy\/biblioteca\/password-reset\/"},"modified":"2023-03-22T14:55:27","modified_gmt":"2023-03-22T17:55:27","slug":"password-reset","status":"publish","type":"page","link":"https:\/\/javierzeballos.uy\/biblioteca\/password-reset\/","title":{"rendered":"Password Reset"},"content":{"rendered":"\n<form id=\"pms_recover_password_form\" class=\"pms-form \"  method=\"post\" action=\"\">\n\n    <input type=\"hidden\" id=\"pmstkn\" name=\"pmstkn\" value=\"6a82dd0ea1\" \/><input type=\"hidden\" name=\"_wp_http_referer\" value=\"\/biblioteca\/wp-json\/wp\/v2\/pages\/2455\" \/>\n    <p>Por favor, introduzca su nombre de usuario o direcci\u00f3n de correo electr\u00f3nico.<br \/>Usted recibir\u00e1 un enlace para crear una nueva contrase\u00f1a a trav\u00e9s de correo electr\u00f3nico.<\/p>\n    <ul class=\"pms-form-fields-wrapper\">\n\n        \n                <li class=\"pms-field \">\n            <label for=\"pms_username_email\">Nombre de usuario o Correo electr\u00f3nico<\/label>\n            <input id=\"pms_username_email\" name=\"pms_username_email\" type=\"text\" value=\"\" \/>\n\n                    <\/li>\n\n        \n    <\/ul>\n\n    \n    <input type=\"submit\" name=\"wp-submit\" value=\"Para Restablecer La Contrase\u00f1a\"\/>\n\n<\/form>\n\n\n\n\n","protected":false},"excerpt":{"rendered":"","protected":false},"author":1,"featured_media":0,"parent":0,"menu_order":0,"comment_status":"closed","ping_status":"closed","template":"","meta":{"footnotes":""},"_links":{"self":[{"href":"https:\/\/javierzeballos.uy\/biblioteca\/wp-json\/wp\/v2\/pages\/2455"}],"collection":[{"href":"https:\/\/javierzeballos.uy\/biblioteca\/wp-json\/wp\/v2\/pages"}],"about":[{"href":"https:\/\/javierzeballos.uy\/biblioteca\/wp-json\/wp\/v2\/types\/page"}],"author":[{"embeddable":true,"href":"https:\/\/javierzeballos.uy\/biblioteca\/wp-json\/wp\/v2\/users\/1"}],"replies":[{"embeddable":true,"href":"https:\/\/javierzeballos.uy\/biblioteca\/wp-json\/wp\/v2\/comments?post=2455"}],"version-history":[{"count":0,"href":"https:\/\/javierzeballos.uy\/biblioteca\/wp-json\/wp\/v2\/pages\/2455\/revisions"}],"wp:attachment":[{"href":"https:\/\/javierzeballos.uy\/biblioteca\/wp-json\/wp\/v2\/media?parent=2455"}],"curies":[{"name":"wp","href":"https:\/\/api.w.org\/{rel}","templated":true}]}}