{"id":2452,"date":"2023-03-22T14:55:27","date_gmt":"2023-03-22T17:55:27","guid":{"rendered":"https:\/\/javierzeballos.uy\/biblioteca\/register\/"},"modified":"2025-04-01T11:11:30","modified_gmt":"2025-04-01T14:11:30","slug":"registro","status":"publish","type":"page","link":"https:\/\/javierzeballos.uy\/biblioteca\/registro\/","title":{"rendered":"Registro"},"content":{"rendered":"\t\t<div data-elementor-type=\"wp-page\" data-elementor-id=\"2452\" class=\"elementor elementor-2452\" data-elementor-post-type=\"page\">\n\t\t\t\t\t\t<section class=\"elementor-section elementor-top-section elementor-element elementor-element-5551a0e7 elementor-section-boxed elementor-section-height-default elementor-section-height-default\" data-id=\"5551a0e7\" data-element_type=\"section\" data-settings=\"{&quot;background_background&quot;:&quot;classic&quot;}\">\n\t\t\t\t\t\t\t<div class=\"elementor-background-overlay\"><\/div>\n\t\t\t\t\t\t\t<div class=\"elementor-container elementor-column-gap-default\">\n\t\t\t\t\t<div class=\"elementor-column elementor-col-100 elementor-top-column elementor-element elementor-element-7f6f36ff\" data-id=\"7f6f36ff\" data-element_type=\"column\" data-settings=\"{&quot;background_background&quot;:&quot;classic&quot;}\">\n\t\t\t<div class=\"elementor-widget-wrap elementor-element-populated\">\n\t\t\t\t\t\t<div class=\"elementor-element elementor-element-24bbd225 elementor-widget elementor-widget-heading\" data-id=\"24bbd225\" data-element_type=\"widget\" data-widget_type=\"heading.default\">\n\t\t\t\t<div class=\"elementor-widget-container\">\n\t\t\t\t\t<h1 class=\"elementor-heading-title elementor-size-default\">Registro<\/h1>\t\t\t\t<\/div>\n\t\t\t\t<\/div>\n\t\t\t\t<div class=\"elementor-element elementor-element-212d7fc elementor-widget elementor-widget-shortcode\" data-id=\"212d7fc\" data-element_type=\"widget\" data-widget_type=\"shortcode.default\">\n\t\t\t\t<div class=\"elementor-widget-container\">\n\t\t\t\t\t\t\t<div class=\"elementor-shortcode\">\n<form id=\"pms_register-form\" class=\"pms-form \" method=\"POST\">\n\n    \n    <input type=\"hidden\" id=\"pmstkn\" name=\"pmstkn\" value=\"e455e0b12e\" \/><input type=\"hidden\" name=\"_wp_http_referer\" value=\"\/biblioteca\/wp-json\/wp\/v2\/pages\/2452\" \/>\n    <ul class=\"pms-form-fields-wrapper\">\n\n        \n\n        \n        <div class=\"pms-account-section-wrapper\">\n                <li class=\"pms-field pms-user-login-field \">\n            <label for=\"pms_user_login\">Nombre de usuario *<\/label>\n            <input id=\"pms_user_login\" name=\"user_login\" type=\"text\" value=\"\" \/>\n\n                    <\/li>\n\n                <li class=\"pms-field pms-user-email-field \">\n            <label for=\"pms_user_email\">E-mail *<\/label>\n            <input id=\"pms_user_email\" name=\"user_email\" type=\"text\" value=\"\" \/>\n\n                    <\/li>\n\n                <li class=\"pms-field pms-first-name-field \">\n            <label for=\"pms_first_name\">Primer Nombre<\/label>\n            <input id=\"pms_first_name\" name=\"first_name\" type=\"text\" value=\"\" \/>\n\n                    <\/li>\n\n                <li class=\"pms-field pms-last-name-field \">\n            <label for=\"pms_last_name\">Apellido<\/label>\n            <input id=\"pms_last_name\" name=\"last_name\" type=\"text\" value=\"\" \/>\n\n                    <\/li>\n\n                <li class=\"pms-field pms-pass1-field \">\n            <label for=\"pms_pass1\">Contrase\u00f1a *<\/label>\n            <input id=\"pms_pass1\" name=\"pass1\" type=\"password\" \/>\n\n            \n                    <\/li>\n\n\n\n                <li class=\"pms-field pms-pass2-field \">\n            <label for=\"pms_pass2\">Repita La Contrase\u00f1a *<\/label>\n            <input id=\"pms_pass2\" name=\"pass2\" type=\"password\" \/>\n\n                    <\/li>\n\n                        <li class=\"pms-field pms-gdpr-field \">\n                    <label for=\"pms_user_consent\">\n                        <input id=\"pms_user_consent\" name=\"user_consent\" type=\"checkbox\" value=\"1\">\n                        Apruebas el uso de datos por medio de este sitio?                    <\/label>\n\n                                    <\/li>\n                \n        <\/div>\n        \n        <li class=\"pms-field pms-field-subscriptions \"><div class=\"pms-subscription-plan pms-hidden pms-subscription-plan-2456\"><input type=\"hidden\" name=\"subscription_plans\" data-price=\"15\" data-duration=\"1\" data-fixed_membership=\"\" data-allow_renew=\"\" data-sign_up_fee=\"0\" data-trial=\"0\" data-recurring=\"2\"  value=\"2456\" \/><label><span class=\"pms-subscription-plan-name\">MEMBRESIA VIP<\/span><span class=\"pms-subscription-plan-price\"><span class=\"pms-divider\"> - <\/span><span class=\"pms-subscription-plan-currency\">&#36;<\/span><span class=\"pms-subscription-plan-price-value\">15<\/span><span class=\"pms-divider\"> \/ <\/span><span class=\"pms-subscription-plan-duration\">1 Mes<\/span><\/span><span class=\"pms-subscription-plan-trial\"><\/span><span class=\"pms-subscription-plan-sign-up-fee\"><\/span><\/label><div class=\"pms-subscription-plan-description\">PRECIO DE LANZAMIENTO.\r\nAcceso completo a todos los libros y a los modelos 3D de nuestra Biblioteca Digital.<\/div><\/div><div class=\"pms-subscription-plan-auto-renew\"><label><input name=\"pms_recurring\" type=\"checkbox\" value=\"1\"  \/>Renovaci\u00f3n autom\u00e1tica de la suscripci\u00f3n<\/label><\/div><input type=\"hidden\" name=\"pms_default_recurring\" value=\"1\" \/><div id=\"pms-paygates-wrapper\"><input type=\"hidden\" class=\"pms_pay_gate\" name=\"pay_gate\" value=\"paypal_standard\" data-sign_up_fee=\"1\" data-trial=\"1\" data-recurring=\"1\"  \/><\/div><\/li>\n    <\/ul>\n\n    <span id=\"pms-submit-button-loading-placeholder-text\" style=\"display: none;\">De procesamiento. Por favor, espere...<\/span>\n    <input class=\"pms-form-submit\" name=\"pms_register\" type=\"submit\" value=\"Registro\" \/>\n\n<\/form>\n<\/div>\n\t\t\t\t\t\t<\/div>\n\t\t\t\t<\/div>\n\t\t\t\t\t<\/div>\n\t\t<\/div>\n\t\t\t\t\t<\/div>\n\t\t<\/section>\n\t\t\t\t<\/div>\n\t\t","protected":false},"excerpt":{"rendered":"","protected":false},"author":1,"featured_media":0,"parent":0,"menu_order":0,"comment_status":"closed","ping_status":"closed","template":"elementor_header_footer","meta":{"footnotes":""},"_links":{"self":[{"href":"https:\/\/javierzeballos.uy\/biblioteca\/wp-json\/wp\/v2\/pages\/2452"}],"collection":[{"href":"https:\/\/javierzeballos.uy\/biblioteca\/wp-json\/wp\/v2\/pages"}],"about":[{"href":"https:\/\/javierzeballos.uy\/biblioteca\/wp-json\/wp\/v2\/types\/page"}],"author":[{"embeddable":true,"href":"https:\/\/javierzeballos.uy\/biblioteca\/wp-json\/wp\/v2\/users\/1"}],"replies":[{"embeddable":true,"href":"https:\/\/javierzeballos.uy\/biblioteca\/wp-json\/wp\/v2\/comments?post=2452"}],"version-history":[{"count":9,"href":"https:\/\/javierzeballos.uy\/biblioteca\/wp-json\/wp\/v2\/pages\/2452\/revisions"}],"predecessor-version":[{"id":4649,"href":"https:\/\/javierzeballos.uy\/biblioteca\/wp-json\/wp\/v2\/pages\/2452\/revisions\/4649"}],"wp:attachment":[{"href":"https:\/\/javierzeballos.uy\/biblioteca\/wp-json\/wp\/v2\/media?parent=2452"}],"curies":[{"name":"wp","href":"https:\/\/api.w.org\/{rel}","templated":true}]}}